{"id":16116,"date":"2020-12-23T18:37:10","date_gmt":"2020-12-23T17:37:10","guid":{"rendered":"https:\/\/elisa-aerospace.fr\/choice-of-specialties\/"},"modified":"2025-02-21T16:32:35","modified_gmt":"2025-02-21T15:32:35","slug":"choice-of-specialties","status":"publish","type":"page","link":"https:\/\/www.elisa-aerospace.fr\/en\/choice-of-specialties\/","title":{"rendered":"Choice of specialties"},"content":{"rendered":"\t\t<div data-elementor-type=\"wp-page\" data-elementor-id=\"16116\" class=\"elementor elementor-16116 elementor-11642\" data-elementor-post-type=\"page\">\n\t\t\t\t<div class=\"elementor-element elementor-element-9027c7e e-flex e-con-boxed e-con e-parent\" data-id=\"9027c7e\" data-element_type=\"container\" data-e-type=\"container\" data-settings=\"{&quot;background_background&quot;:&quot;classic&quot;}\">\n\t\t\t\t\t<div class=\"e-con-inner\">\n\t\t<div class=\"elementor-element elementor-element-14b935b1 e-flex e-con-boxed e-con e-child\" data-id=\"14b935b1\" data-element_type=\"container\" data-e-type=\"container\">\n\t\t\t\t\t<div class=\"e-con-inner\">\n\t\t\t\t<div class=\"elementor-element elementor-element-338a0c1 elementor-widget elementor-widget-heading\" data-id=\"338a0c1\" data-element_type=\"widget\" data-e-type=\"widget\" data-widget_type=\"heading.default\">\n\t\t\t\t<div class=\"elementor-widget-container\">\n\t\t\t\t\t<h1 class=\"elementor-heading-title elementor-size-default\">Choice of specialties<\/h1>\t\t\t\t<\/div>\n\t\t\t\t<\/div>\n\t\t\t\t<div class=\"elementor-element elementor-element-1757c706 elementor-widget-divider--view-line elementor-widget elementor-widget-divider\" data-id=\"1757c706\" data-element_type=\"widget\" data-e-type=\"widget\" data-widget_type=\"divider.default\">\n\t\t\t\t<div class=\"elementor-widget-container\">\n\t\t\t\t\t\t\t<div class=\"elementor-divider\">\n\t\t\t<span class=\"elementor-divider-separator\">\n\t\t\t\t\t\t<\/span>\n\t\t<\/div>\n\t\t\t\t\t\t<\/div>\n\t\t\t\t<\/div>\n\t\t\t\t\t<\/div>\n\t\t\t\t<\/div>\n\t\t\t\t\t<\/div>\n\t\t\t\t<\/div>\n\t\t<div class=\"elementor-element elementor-element-607c4f94 e-flex e-con-boxed e-con e-parent\" data-id=\"607c4f94\" data-element_type=\"container\" data-e-type=\"container\" data-settings=\"{&quot;background_background&quot;:&quot;classic&quot;}\">\n\t\t\t\t\t<div class=\"e-con-inner\">\n\t\t<div class=\"elementor-element elementor-element-15553e6b e-flex e-con-boxed e-con e-child\" data-id=\"15553e6b\" data-element_type=\"container\" data-e-type=\"container\">\n\t\t\t\t\t<div class=\"e-con-inner\">\n\t\t<div class=\"elementor-element elementor-element-3b2800ac e-con-full e-flex e-con e-child\" data-id=\"3b2800ac\" data-element_type=\"container\" data-e-type=\"container\">\n\t\t\t\t<div class=\"elementor-element elementor-element-9b9016a elementor-widget elementor-widget-image\" data-id=\"9b9016a\" data-element_type=\"widget\" data-e-type=\"widget\" data-widget_type=\"image.default\">\n\t\t\t\t<div class=\"elementor-widget-container\">\n\t\t\t\t\t\t\t\t\t\t\t\t\t\t\t<img fetchpriority=\"high\" decoding=\"async\" width=\"800\" height=\"450\" src=\"https:\/\/www.elisa-aerospace.fr\/wp-content\/uploads\/2020\/12\/11-valide.jpg\" class=\"attachment-large size-large wp-image-15282\" alt=\"\" srcset=\"https:\/\/www.elisa-aerospace.fr\/wp-content\/uploads\/2020\/12\/11-valide.jpg 900w, https:\/\/www.elisa-aerospace.fr\/wp-content\/uploads\/2020\/12\/11-valide-600x337.jpg 600w, https:\/\/www.elisa-aerospace.fr\/wp-content\/uploads\/2020\/12\/11-valide-300x169.jpg 300w, https:\/\/www.elisa-aerospace.fr\/wp-content\/uploads\/2020\/12\/11-valide-768x432.jpg 768w\" sizes=\"(max-width: 800px) 100vw, 800px\" \/>\t\t\t\t\t\t\t\t\t\t\t\t\t\t\t<\/div>\n\t\t\t\t<\/div>\n\t\t\t\t<\/div>\n\t\t<div class=\"elementor-element elementor-element-72051e51 e-con-full e-flex e-con e-child\" data-id=\"72051e51\" data-element_type=\"container\" data-e-type=\"container\">\n\t\t\t\t<div class=\"elementor-element elementor-element-6e869871 elementor-widget elementor-widget-heading\" data-id=\"6e869871\" data-element_type=\"widget\" data-e-type=\"widget\" data-widget_type=\"heading.default\">\n\t\t\t\t<div class=\"elementor-widget-container\">\n\t\t\t\t\t<h2 class=\"elementor-heading-title elementor-size-default\">Which subjects should I choose in my Premi\u00e8re and Terminale G\u00e9n\u00e9rales to enter ELISA Aerospace?<\/h2>\t\t\t\t<\/div>\n\t\t\t\t<\/div>\n\t\t\t\t<div class=\"elementor-element elementor-element-688e13c6 elementor-widget elementor-widget-text-editor\" data-id=\"688e13c6\" data-element_type=\"widget\" data-e-type=\"widget\" data-widget_type=\"text-editor.default\">\n\t\t\t\t<div class=\"elementor-widget-container\">\n\t\t\t\t\t\t\t\t\t<p>In addition to your core curriculum (including French, History and Geography, Moral and Civic Education, Science and Mathematics, Modern Languages and Sport), you&#8217;ll have to choose<b> three specialties as soon as you enter Premi\u00e8re G\u00e9n\u00e9rale<\/b>.<br \/>This selection is your first choice of orientation for your future as a student. That&#8217;s why it&#8217;s important to select them carefully according to your professional projects and passions. Joining an engineering school like ELISA Aerospace requires a solid scientific foundation.<\/p>\n\t\t\t\t\t\t\t\t<\/div>\n\t\t\t\t<\/div>\n\t\t\t\t<\/div>\n\t\t\t\t\t<\/div>\n\t\t\t\t<\/div>\n\t\t\t\t\t<\/div>\n\t\t\t\t<\/div>\n\t\t<div class=\"elementor-element elementor-element-398d09a e-flex e-con-boxed e-con e-parent\" data-id=\"398d09a\" data-element_type=\"container\" data-e-type=\"container\" data-settings=\"{&quot;background_background&quot;:&quot;classic&quot;}\">\n\t\t\t\t\t<div class=\"e-con-inner\">\n\t\t<div class=\"elementor-element elementor-element-f5cb8b5 e-flex e-con-boxed e-con e-child\" data-id=\"f5cb8b5\" data-element_type=\"container\" data-e-type=\"container\">\n\t\t\t\t\t<div class=\"e-con-inner\">\n\t\t\t\t<div class=\"elementor-element elementor-element-0f188cf elementor-widget elementor-widget-heading\" data-id=\"0f188cf\" data-element_type=\"widget\" data-e-type=\"widget\" data-widget_type=\"heading.default\">\n\t\t\t\t<div class=\"elementor-widget-container\">\n\t\t\t\t\t<h2 class=\"elementor-heading-title elementor-size-default\">Choice of specialties\n\n<\/h2>\t\t\t\t<\/div>\n\t\t\t\t<\/div>\n\t\t\t\t<div class=\"elementor-element elementor-element-76f0f2b elementor-widget-divider--view-line elementor-widget elementor-widget-divider\" data-id=\"76f0f2b\" data-element_type=\"widget\" data-e-type=\"widget\" data-widget_type=\"divider.default\">\n\t\t\t\t<div class=\"elementor-widget-container\">\n\t\t\t\t\t\t\t<div class=\"elementor-divider\">\n\t\t\t<span class=\"elementor-divider-separator\">\n\t\t\t\t\t\t<\/span>\n\t\t<\/div>\n\t\t\t\t\t\t<\/div>\n\t\t\t\t<\/div>\n\t\t\t\t\t<\/div>\n\t\t\t\t<\/div>\n\t\t<div class=\"elementor-element elementor-element-92e1f92 e-flex e-con-boxed e-con e-child\" data-id=\"92e1f92\" data-element_type=\"container\" data-e-type=\"container\">\n\t\t\t\t\t<div class=\"e-con-inner\">\n\t\t<div class=\"elementor-element elementor-element-5671210 e-con-full e-flex e-con e-child\" data-id=\"5671210\" data-element_type=\"container\" data-e-type=\"container\">\n\t\t\t\t<div class=\"elementor-element elementor-element-a2ec5c4 elementor-view-default elementor-widget elementor-widget-icon\" data-id=\"a2ec5c4\" data-element_type=\"widget\" data-e-type=\"widget\" data-widget_type=\"icon.default\">\n\t\t\t\t<div class=\"elementor-widget-container\">\n\t\t\t\t\t\t\t<div class=\"elementor-icon-wrapper\">\n\t\t\t<div class=\"elementor-icon\">\n\t\t\t<svg aria-hidden=\"true\" class=\"e-font-icon-svg e-fas-laptop\" viewBox=\"0 0 640 512\" xmlns=\"http:\/\/www.w3.org\/2000\/svg\"><path d=\"M624 416H381.54c-.74 19.81-14.71 32-32.74 32H288c-18.69 0-33.02-17.47-32.77-32H16c-8.8 0-16 7.2-16 16v16c0 35.2 28.8 64 64 64h512c35.2 0 64-28.8 64-64v-16c0-8.8-7.2-16-16-16zM576 48c0-26.4-21.6-48-48-48H112C85.6 0 64 21.6 64 48v336h512V48zm-64 272H128V64h384v256z\"><\/path><\/svg>\t\t\t<\/div>\n\t\t<\/div>\n\t\t\t\t\t\t<\/div>\n\t\t\t\t<\/div>\n\t\t\t\t<div class=\"elementor-element elementor-element-56bc2ee elementor-widget elementor-widget-text-editor\" data-id=\"56bc2ee\" data-element_type=\"widget\" data-e-type=\"widget\" data-widget_type=\"text-editor.default\">\n\t\t\t\t<div class=\"elementor-widget-container\">\n\t\t\t\t\t\t\t\t\t<h4 class=\"content-box-heading\">FIRST GENERAL<\/h4>\n<div class=\"fusion-clearfix\">In the preparatory cycle for engineering training and in the Bachelor&#8217;s program, Mathematics and Physics will form a large part of your curriculum. For example, ELISA Aerospace recommends that first-year students opt for :<\/div>\n<div> <\/div>\n<div class=\"fusion-clearfix\"><strong>The Mathematics speciality<\/strong><\/div>\n<div class=\"fusion-clearfix\">\n<p><strong>+ a choice of one of the following scientific specialties: Physics-Chemistry, Engineering Sciences and Computer Science<br \/><\/strong><strong>+ a free choice of specialty: scientific or not<\/strong><\/p>\n<\/div>\n\t\t\t\t\t\t\t\t<\/div>\n\t\t\t\t<\/div>\n\t\t\t\t<\/div>\n\t\t<div class=\"elementor-element elementor-element-181f455 e-con-full e-flex e-con e-child\" data-id=\"181f455\" data-element_type=\"container\" data-e-type=\"container\">\n\t\t\t\t<div class=\"elementor-element elementor-element-44ebc9f elementor-view-default elementor-widget elementor-widget-icon\" data-id=\"44ebc9f\" data-element_type=\"widget\" data-e-type=\"widget\" data-widget_type=\"icon.default\">\n\t\t\t\t<div class=\"elementor-widget-container\">\n\t\t\t\t\t\t\t<div class=\"elementor-icon-wrapper\">\n\t\t\t<div class=\"elementor-icon\">\n\t\t\t<svg aria-hidden=\"true\" class=\"e-font-icon-svg e-fas-user-graduate\" viewBox=\"0 0 448 512\" xmlns=\"http:\/\/www.w3.org\/2000\/svg\"><path d=\"M319.4 320.6L224 416l-95.4-95.4C57.1 323.7 0 382.2 0 454.4v9.6c0 26.5 21.5 48 48 48h352c26.5 0 48-21.5 48-48v-9.6c0-72.2-57.1-130.7-128.6-133.8zM13.6 79.8l6.4 1.5v58.4c-7 4.2-12 11.5-12 20.3 0 8.4 4.6 15.4 11.1 19.7L3.5 242c-1.7 6.9 2.1 14 7.6 14h41.8c5.5 0 9.3-7.1 7.6-14l-15.6-62.3C51.4 175.4 56 168.4 56 160c0-8.8-5-16.1-12-20.3V87.1l66 15.9c-8.6 17.2-14 36.4-14 57 0 70.7 57.3 128 128 128s128-57.3 128-128c0-20.6-5.3-39.8-14-57l96.3-23.2c18.2-4.4 18.2-27.1 0-31.5l-190.4-46c-13-3.1-26.7-3.1-39.7 0L13.6 48.2c-18.1 4.4-18.1 27.2 0 31.6z\"><\/path><\/svg>\t\t\t<\/div>\n\t\t<\/div>\n\t\t\t\t\t\t<\/div>\n\t\t\t\t<\/div>\n\t\t\t\t<div class=\"elementor-element elementor-element-ff1377f elementor-widget elementor-widget-text-editor\" data-id=\"ff1377f\" data-element_type=\"widget\" data-e-type=\"widget\" data-widget_type=\"text-editor.default\">\n\t\t\t\t<div class=\"elementor-widget-container\">\n\t\t\t\t\t\t\t\t\t<div class=\"heading heading-with-icon icon-left\">\n<div class=\"heading heading-with-icon icon-left\">\n<h4 class=\"content-box-heading\">TERMINALE G\u00c9N\u00c9RALE<\/h4>\n<\/div>\n<div class=\"fusion-clearfix\">In the general final year, you must again make a choice and keep only two specialties.<\/div>\n<div class=\"content-container\">\n<p><strong>For the engineering curriculum, we recommend that you retain the Mathematics Specialization + a scientific specialization of your choice from : Engineering Sciences or Physics-Chemistry<\/strong>.<\/p>\n<p><strong>For the Bachelor&#8217;s program, we recommend the same combination, with the inclusion of the Digital and Computer Science specialization, which is <\/strong>more closely aligned with our three main areas of training.<\/p>\n<\/div>\n<\/div>\n\t\t\t\t\t\t\t\t<\/div>\n\t\t\t\t<\/div>\n\t\t\t\t<\/div>\n\t\t\t\t\t<\/div>\n\t\t\t\t<\/div>\n\t\t\t\t<div class=\"elementor-element elementor-element-5b42b8e elementor-align-center elementor-widget elementor-widget-button\" data-id=\"5b42b8e\" data-element_type=\"widget\" data-e-type=\"widget\" data-widget_type=\"button.default\">\n\t\t\t\t<div class=\"elementor-widget-container\">\n\t\t\t\t\t\t\t\t\t<div class=\"elementor-button-wrapper\">\n\t\t\t\t\t<a class=\"elementor-button elementor-button-link elementor-size-sm elementor-animation-shrink\" href=\"https:\/\/www.puissance-alpha.fr\/\" target=\"_blank\" rel=\"nofollow\">\n\t\t\t\t\t\t<span class=\"elementor-button-content-wrapper\">\n\t\t\t\t\t\t\t\t\t<span class=\"elementor-button-text\">Puissance Alpha : Baccalaureate reform, which specialities?<\/span>\n\t\t\t\t\t<\/span>\n\t\t\t\t\t<\/a>\n\t\t\t\t<\/div>\n\t\t\t\t\t\t\t\t<\/div>\n\t\t\t\t<\/div>\n\t\t\t\t\t<\/div>\n\t\t\t\t<\/div>\n\t\t\t\t<\/div>\n\t\t","protected":false},"excerpt":{"rendered":"<p>Choice of specialties Which subjects should I choose in my Premi\u00e8re and Terminale G\u00e9n\u00e9rales to enter ELISA Aerospace? In addition to your core curriculum (including French, History and Geography, Moral [&hellip;]<\/p>\n","protected":false},"author":1,"featured_media":0,"parent":0,"menu_order":0,"comment_status":"closed","ping_status":"closed","template":"elementor_header_footer","meta":{"_seopress_robots_primary_cat":"","_seopress_titles_title":"%%post_title%% %%sep%% %%sitetitle%%","_seopress_titles_desc":"Find out our recommendations on the specialties to choose in your first and last year of high school to enter our Engineering and Bachelor's programs.","_seopress_robots_index":"","_monsterinsights_skip_tracking":false,"_monsterinsights_sitenote_active":false,"_monsterinsights_sitenote_note":"","_monsterinsights_sitenote_category":0,"footnotes":""},"class_list":["post-16116","page","type-page","status-publish","hentry"],"_links":{"self":[{"href":"https:\/\/www.elisa-aerospace.fr\/en\/wp-json\/wp\/v2\/pages\/16116","targetHints":{"allow":["GET"]}}],"collection":[{"href":"https:\/\/www.elisa-aerospace.fr\/en\/wp-json\/wp\/v2\/pages"}],"about":[{"href":"https:\/\/www.elisa-aerospace.fr\/en\/wp-json\/wp\/v2\/types\/page"}],"author":[{"embeddable":true,"href":"https:\/\/www.elisa-aerospace.fr\/en\/wp-json\/wp\/v2\/users\/1"}],"replies":[{"embeddable":true,"href":"https:\/\/www.elisa-aerospace.fr\/en\/wp-json\/wp\/v2\/comments?post=16116"}],"version-history":[{"count":3,"href":"https:\/\/www.elisa-aerospace.fr\/en\/wp-json\/wp\/v2\/pages\/16116\/revisions"}],"predecessor-version":[{"id":18441,"href":"https:\/\/www.elisa-aerospace.fr\/en\/wp-json\/wp\/v2\/pages\/16116\/revisions\/18441"}],"wp:attachment":[{"href":"https:\/\/www.elisa-aerospace.fr\/en\/wp-json\/wp\/v2\/media?parent=16116"}],"curies":[{"name":"wp","href":"https:\/\/api.w.org\/{rel}","templated":true}]}}