{"id":16209,"date":"2021-01-06T09:40:18","date_gmt":"2021-01-06T08:40:18","guid":{"rendered":"https:\/\/elisa-aerospace.fr\/meet-us\/"},"modified":"2023-11-27T21:14:18","modified_gmt":"2023-11-27T21:14:18","slug":"meet-us","status":"publish","type":"page","link":"https:\/\/www.elisa-aerospace.fr\/en\/meet-us\/","title":{"rendered":"Meet us"},"content":{"rendered":"\t\t<div data-elementor-type=\"wp-page\" data-elementor-id=\"16209\" class=\"elementor elementor-16209 elementor-2070\" data-elementor-post-type=\"page\">\n\t\t\t\t<div class=\"elementor-element elementor-element-3d87ba31 e-flex e-con-boxed e-con e-parent\" data-id=\"3d87ba31\" data-element_type=\"container\" data-e-type=\"container\" data-settings=\"{&quot;background_background&quot;:&quot;classic&quot;}\">\n\t\t\t\t\t<div class=\"e-con-inner\">\n\t\t<div class=\"elementor-element elementor-element-762dd893 e-flex e-con-boxed e-con e-child\" data-id=\"762dd893\" data-element_type=\"container\" data-e-type=\"container\">\n\t\t\t\t\t<div class=\"e-con-inner\">\n\t\t\t\t<div class=\"elementor-element elementor-element-207d37eb elementor-widget elementor-widget-heading\" data-id=\"207d37eb\" data-element_type=\"widget\" data-e-type=\"widget\" data-widget_type=\"heading.default\">\n\t\t\t\t<div class=\"elementor-widget-container\">\n\t\t\t\t\t<h1 class=\"elementor-heading-title elementor-size-default\">Meet us<\/h1>\t\t\t\t<\/div>\n\t\t\t\t<\/div>\n\t\t\t\t<div class=\"elementor-element elementor-element-6cc86f95 elementor-widget-divider--view-line elementor-widget elementor-widget-divider\" data-id=\"6cc86f95\" data-element_type=\"widget\" data-e-type=\"widget\" data-widget_type=\"divider.default\">\n\t\t\t\t<div class=\"elementor-widget-container\">\n\t\t\t\t\t\t\t<div class=\"elementor-divider\">\n\t\t\t<span class=\"elementor-divider-separator\">\n\t\t\t\t\t\t<\/span>\n\t\t<\/div>\n\t\t\t\t\t\t<\/div>\n\t\t\t\t<\/div>\n\t\t\t\t<div class=\"elementor-element elementor-element-d6c235e elementor-widget elementor-widget-text-editor\" data-id=\"d6c235e\" data-element_type=\"widget\" data-e-type=\"widget\" data-widget_type=\"text-editor.default\">\n\t\t\t\t<div class=\"elementor-widget-container\">\n\t\t\t\t\t\t\t\t\t<p style=\"text-align: center;\">Throughout the year, ELISA Aerospace organizes its own events and takes part in trade fairs to give you an insight into its two training courses.<\/p>\n<p style=\"text-align: center;\">Here&#8217;s an overview of the different events, <span style=\"color: #feb249;\"><br \/>\n  <strong>All registrations can be made via our website.<\/strong><br \/>\n<\/span><\/p>\n\t\t\t\t\t\t\t\t<\/div>\n\t\t\t\t<\/div>\n\t\t\t\t\t<\/div>\n\t\t\t\t<\/div>\n\t\t\t\t\t<\/div>\n\t\t\t\t<\/div>\n\t\t<div class=\"elementor-element elementor-element-4700ec10 e-flex e-con-boxed e-con e-parent\" data-id=\"4700ec10\" data-element_type=\"container\" data-e-type=\"container\" data-settings=\"{&quot;background_background&quot;:&quot;classic&quot;}\">\n\t\t\t\t\t<div class=\"e-con-inner\">\n\t\t<div class=\"elementor-element elementor-element-2948ea6a e-flex e-con-boxed e-con e-child\" data-id=\"2948ea6a\" data-element_type=\"container\" data-e-type=\"container\">\n\t\t\t\t\t<div class=\"e-con-inner\">\n\t\t\t\t<div class=\"elementor-element elementor-element-3735e7e5 elementor-widget elementor-widget-heading\" data-id=\"3735e7e5\" data-element_type=\"widget\" data-e-type=\"widget\" data-widget_type=\"heading.default\">\n\t\t\t\t<div class=\"elementor-widget-container\">\n\t\t\t\t\t<h2 class=\"elementor-heading-title elementor-size-default\">Face-to-face Open Days<\/h2>\t\t\t\t<\/div>\n\t\t\t\t<\/div>\n\t\t\t\t<div class=\"elementor-element elementor-element-1f73dc7c elementor-widget-divider--view-line elementor-widget elementor-widget-divider\" data-id=\"1f73dc7c\" data-element_type=\"widget\" data-e-type=\"widget\" data-widget_type=\"divider.default\">\n\t\t\t\t<div class=\"elementor-widget-container\">\n\t\t\t\t\t\t\t<div class=\"elementor-divider\">\n\t\t\t<span class=\"elementor-divider-separator\">\n\t\t\t\t\t\t<\/span>\n\t\t<\/div>\n\t\t\t\t\t\t<\/div>\n\t\t\t\t<\/div>\n\t\t\t\t<div class=\"elementor-element elementor-element-4a6cdfa elementor-widget elementor-widget-the-events-calendar-addon\" data-id=\"4a6cdfa\" data-element_type=\"widget\" data-e-type=\"widget\" data-widget_type=\"the-events-calendar-addon.default\">\n\t\t\t\t<div class=\"elementor-widget-container\">\n\t\t\t\t\t<!=========Events minimal-list Template 1.7.3=========><div id=\"ectbe-wrapper-4a6cdfa\" class=\"ectbe-wrapper ectbe-minimal-list-wrapper style-1\"><h3>There is no Event<\/h3><\/div>\t\t\t\t<\/div>\n\t\t\t\t<\/div>\n\t\t\t\t\t<\/div>\n\t\t\t\t<\/div>\n\t\t\t\t\t<\/div>\n\t\t\t\t<\/div>\n\t\t<div class=\"elementor-element elementor-element-27323607 e-flex e-con-boxed e-con e-parent\" data-id=\"27323607\" data-element_type=\"container\" data-e-type=\"container\" data-settings=\"{&quot;background_background&quot;:&quot;classic&quot;}\">\n\t\t\t\t\t<div class=\"e-con-inner\">\n\t\t<div class=\"elementor-element elementor-element-4dcbb109 e-flex e-con-boxed e-con e-child\" data-id=\"4dcbb109\" data-element_type=\"container\" data-e-type=\"container\">\n\t\t\t\t\t<div class=\"e-con-inner\">\n\t\t<div class=\"elementor-element elementor-element-30cffb22 e-flex e-con-boxed e-con e-child\" data-id=\"30cffb22\" data-element_type=\"container\" data-e-type=\"container\">\n\t\t\t\t\t<div class=\"e-con-inner\">\n\t\t\t\t<div class=\"elementor-element elementor-element-22bd2522 elementor-widget elementor-widget-heading\" data-id=\"22bd2522\" data-element_type=\"widget\" data-e-type=\"widget\" data-widget_type=\"heading.default\">\n\t\t\t\t<div class=\"elementor-widget-container\">\n\t\t\t\t\t<h2 class=\"elementor-heading-title elementor-size-default\">Immersion days<\/h2>\t\t\t\t<\/div>\n\t\t\t\t<\/div>\n\t\t\t\t<div class=\"elementor-element elementor-element-6b810916 elementor-widget-divider--view-line elementor-widget elementor-widget-divider\" data-id=\"6b810916\" data-element_type=\"widget\" data-e-type=\"widget\" data-widget_type=\"divider.default\">\n\t\t\t\t<div class=\"elementor-widget-container\">\n\t\t\t\t\t\t\t<div class=\"elementor-divider\">\n\t\t\t<span class=\"elementor-divider-separator\">\n\t\t\t\t\t\t<\/span>\n\t\t<\/div>\n\t\t\t\t\t\t<\/div>\n\t\t\t\t<\/div>\n\t\t\t\t\t<\/div>\n\t\t\t\t<\/div>\n\t\t\t\t<div class=\"elementor-element elementor-element-afb88c4 elementor-widget elementor-widget-text-editor\" data-id=\"afb88c4\" data-element_type=\"widget\" data-e-type=\"widget\" data-widget_type=\"text-editor.default\">\n\t\t\t\t<div class=\"elementor-widget-container\">\n\t\t\t\t\t\t\t\t\t<p>Looking for a day of immersion? Registrations are closed for the dates we offer? <strong>ELISA Aerospace offers tailor-made immersions<\/strong>. All you have to do is send us an e-mail to <a href=\"mailto:admission@elisa-aerospace.fr\">admission@elisa-aerospace.fr<\/a>, specifying the days on which you would like to be immersed. We&#8217;ll let you know if the ELISA 1 or Bachelors course timetable is sufficiently rich and varied to allow you to discover our courses under the right conditions.<\/p>\n\t\t\t\t\t\t\t\t<\/div>\n\t\t\t\t<\/div>\n\t\t\t\t<div class=\"elementor-element elementor-element-27577b8 elementor-widget elementor-widget-the-events-calendar-addon\" data-id=\"27577b8\" data-element_type=\"widget\" data-e-type=\"widget\" data-widget_type=\"the-events-calendar-addon.default\">\n\t\t\t\t<div class=\"elementor-widget-container\">\n\t\t\t\t\t<!=========Events minimal-list Template 1.7.3=========><div id=\"ectbe-wrapper-27577b8\" class=\"ectbe-wrapper ectbe-minimal-list-wrapper style-1\"><h3>There is no Event<\/h3><\/div>\t\t\t\t<\/div>\n\t\t\t\t<\/div>\n\t\t\t\t\t<\/div>\n\t\t\t\t<\/div>\n\t\t\t\t\t<\/div>\n\t\t\t\t<\/div>\n\t\t<div class=\"elementor-element elementor-element-ac71d74 e-flex e-con-boxed e-con e-parent\" data-id=\"ac71d74\" data-element_type=\"container\" data-e-type=\"container\" data-settings=\"{&quot;background_background&quot;:&quot;classic&quot;}\">\n\t\t\t\t\t<div class=\"e-con-inner\">\n\t\t<div class=\"elementor-element elementor-element-047dacc e-flex e-con-boxed e-con e-child\" data-id=\"047dacc\" data-element_type=\"container\" data-e-type=\"container\">\n\t\t\t\t\t<div class=\"e-con-inner\">\n\t\t<div class=\"elementor-element elementor-element-6bc8dd8 e-flex e-con-boxed e-con e-child\" data-id=\"6bc8dd8\" data-element_type=\"container\" data-e-type=\"container\">\n\t\t\t\t\t<div class=\"e-con-inner\">\n\t\t\t\t<div class=\"elementor-element elementor-element-f5842b3 elementor-widget elementor-widget-heading\" data-id=\"f5842b3\" data-element_type=\"widget\" data-e-type=\"widget\" data-widget_type=\"heading.default\">\n\t\t\t\t<div class=\"elementor-widget-container\">\n\t\t\t\t\t<h2 class=\"elementor-heading-title elementor-size-default\">Preparatory sessions for the Puissance Alpha post-bac competitive examination<\/h2>\t\t\t\t<\/div>\n\t\t\t\t<\/div>\n\t\t\t\t<div class=\"elementor-element elementor-element-3c3bc94 elementor-widget-divider--view-line elementor-widget elementor-widget-divider\" data-id=\"3c3bc94\" data-element_type=\"widget\" data-e-type=\"widget\" data-widget_type=\"divider.default\">\n\t\t\t\t<div class=\"elementor-widget-container\">\n\t\t\t\t\t\t\t<div class=\"elementor-divider\">\n\t\t\t<span class=\"elementor-divider-separator\">\n\t\t\t\t\t\t<\/span>\n\t\t<\/div>\n\t\t\t\t\t\t<\/div>\n\t\t\t\t<\/div>\n\t\t\t\t\t<\/div>\n\t\t\t\t<\/div>\n\t\t\t\t<div class=\"elementor-element elementor-element-68a6363 elementor-widget elementor-widget-the-events-calendar-addon\" data-id=\"68a6363\" data-element_type=\"widget\" data-e-type=\"widget\" data-widget_type=\"the-events-calendar-addon.default\">\n\t\t\t\t<div class=\"elementor-widget-container\">\n\t\t\t\t\t<!=========Events minimal-list Template 1.7.3=========><div id=\"ectbe-wrapper-68a6363\" class=\"ectbe-wrapper ectbe-minimal-list-wrapper style-1\"><h3>There is no Event<\/h3><\/div>\t\t\t\t<\/div>\n\t\t\t\t<\/div>\n\t\t\t\t\t<\/div>\n\t\t\t\t<\/div>\n\t\t\t\t\t<\/div>\n\t\t\t\t<\/div>\n\t\t<div class=\"elementor-element elementor-element-3ab244e e-flex e-con-boxed e-con e-parent\" data-id=\"3ab244e\" data-element_type=\"container\" data-e-type=\"container\" data-settings=\"{&quot;background_background&quot;:&quot;classic&quot;}\">\n\t\t\t\t\t<div class=\"e-con-inner\">\n\t\t<div class=\"elementor-element elementor-element-3976ff3 e-flex e-con-boxed e-con e-child\" data-id=\"3976ff3\" data-element_type=\"container\" data-e-type=\"container\">\n\t\t\t\t\t<div class=\"e-con-inner\">\n\t\t<div class=\"elementor-element elementor-element-08da521 e-flex e-con-boxed e-con e-child\" data-id=\"08da521\" data-element_type=\"container\" data-e-type=\"container\">\n\t\t\t\t\t<div class=\"e-con-inner\">\n\t\t\t\t<div class=\"elementor-element elementor-element-0e02647 elementor-widget elementor-widget-heading\" data-id=\"0e02647\" data-element_type=\"widget\" data-e-type=\"widget\" data-widget_type=\"heading.default\">\n\t\t\t\t<div class=\"elementor-widget-container\">\n\t\t\t\t\t<h2 class=\"elementor-heading-title elementor-size-default\">Career fair<\/h2>\t\t\t\t<\/div>\n\t\t\t\t<\/div>\n\t\t\t\t<div class=\"elementor-element elementor-element-ce5e019 elementor-widget-divider--view-line elementor-widget elementor-widget-divider\" data-id=\"ce5e019\" data-element_type=\"widget\" data-e-type=\"widget\" data-widget_type=\"divider.default\">\n\t\t\t\t<div class=\"elementor-widget-container\">\n\t\t\t\t\t\t\t<div class=\"elementor-divider\">\n\t\t\t<span class=\"elementor-divider-separator\">\n\t\t\t\t\t\t<\/span>\n\t\t<\/div>\n\t\t\t\t\t\t<\/div>\n\t\t\t\t<\/div>\n\t\t\t\t\t<\/div>\n\t\t\t\t<\/div>\n\t\t\t\t<div class=\"elementor-element elementor-element-c27bff4 elementor-widget elementor-widget-text-editor\" data-id=\"c27bff4\" data-element_type=\"widget\" data-e-type=\"widget\" data-widget_type=\"text-editor.default\">\n\t\t\t\t<div class=\"elementor-widget-container\">\n\t\t\t\t\t\t\t\t\t<ul>\n<li>Salon Studyrama des Grandes Ecoles de Nantes (La Beaujoire) &#8211; <strong>Saturday, September 23, 2023<\/strong><\/li>\n<li>Salon L&#8217;Etudiant des Grandes Ecoles de Lille (Lille Grand Palais) &#8211; <strong>Saturday, September 23, 2023<\/strong><\/li>\n<li>Salon L&#8217;Etudiant des Grandes Ecoles de Paris (Porte de Versailles) &#8211; <strong>October 7 and 8, 2023<\/strong><\/li>\n<li>Salon Aquitec de Bordeaux (Stade Matmut Atlantique) &#8211; <strong>Saturday, October 14, 2023<\/strong><\/li>\n<li>Salon Studyrama des Grandes Ecoles de Lyon (Eurexpo) &#8211; <strong>Saturday, October 14, 2023<\/strong><\/li>\n<li>Salon L&#8217;Etudiant des Grandes Ecoles de Paris (Paris Event Center) &#8211; <strong>November 11 and 12, 2023<\/strong><\/li>\n<li>Salon L&#8217;Etudiant des Grandes Ecoles de Bordeaux (Palais des Congr\u00e8s) &#8211; <strong>Saturday, November 18, 2023<\/strong><\/li>\n<li>Salon Studyrama des Grandes Ecoles de Rouen (Parc des expositions) &#8211; <strong>Saturday, November 18, 2023<\/strong><\/li>\n<li>Salon Franco-allemand de Strasbourg (Palais des congr\u00e8s) &#8211; <strong>November 24 and 25, 2023<\/strong><\/li>\n<li>Toulouse Infosup Fair (MEETT) &#8211; <strong>January 11-13, 2024 <\/strong> <\/li>\n<li>Forum du lyc\u00e9en d&#8217;Amiens (M\u00e9gacit\u00e9) &#8211; <strong>January 12 and 13, 2024<\/strong><\/li>\n<li>Salon de L&#8217;Etudiant et du lyc\u00e9en de Bordeaux (Parc des expositions) &#8211; <strong>January 12-14, 2024<\/strong><\/li>\n<li>Salon de L&#8217;Etudiant et du lyc\u00e9en de Lyon (Eurexpo) &#8211; <strong>January 12-14, 2024<\/strong><\/li>\n<li>Salon Campus France de Bruxelles (Lyc\u00e9e fran\u00e7ais Jean Monnet) &#8211; <strong>Saturday, January 13, 2024<\/strong><\/li>\n<li>Salon L&#8217;Etudiant des Grandes Ecoles de Lille (Grand Palais) &#8211; <strong>January 18-20, 2024<\/strong><\/li>\n<li>Salon Studyrama des Formations Automobiles, A\u00e9ronautiques, Ferroviaires et Navales &#8211; P\u00f4le Transport \/ Logistique de Paris &#8211; <strong>Saturday, January 20, 2024<\/strong><\/li>\n<li>Salon des Formations A\u00e9ronautiques de Paris Le Bourget (Mus\u00e9e de l&#8217;Air &amp; de l&#8217;Espace) &#8211; <strong>February 2-4, 2024<\/strong><\/li>\n<\/ul>\n\t\t\t\t\t\t\t\t<\/div>\n\t\t\t\t<\/div>\n\t\t\t\t\t<\/div>\n\t\t\t\t<\/div>\n\t\t\t\t\t<\/div>\n\t\t\t\t<\/div>\n\t\t<div class=\"elementor-element elementor-element-a928f95 e-flex e-con-boxed e-con e-parent\" data-id=\"a928f95\" data-element_type=\"container\" data-e-type=\"container\" data-settings=\"{&quot;background_background&quot;:&quot;classic&quot;}\">\n\t\t\t\t\t<div class=\"e-con-inner\">\n\t\t<div class=\"elementor-element elementor-element-d1bd1e4 e-flex e-con-boxed e-con e-child\" data-id=\"d1bd1e4\" data-element_type=\"container\" data-e-type=\"container\">\n\t\t\t\t\t<div class=\"e-con-inner\">\n\t\t<div class=\"elementor-element elementor-element-331ae49 e-flex e-con-boxed e-con e-child\" data-id=\"331ae49\" data-element_type=\"container\" data-e-type=\"container\">\n\t\t\t\t\t<div class=\"e-con-inner\">\n\t\t\t\t<div class=\"elementor-element elementor-element-922baee elementor-widget elementor-widget-heading\" data-id=\"922baee\" data-element_type=\"widget\" data-e-type=\"widget\" data-widget_type=\"heading.default\">\n\t\t\t\t<div class=\"elementor-widget-container\">\n\t\t\t\t\t<h2 class=\"elementor-heading-title elementor-size-default\">Virtual exchange time: Terminales and ELISA Aerospace students<\/h2>\t\t\t\t<\/div>\n\t\t\t\t<\/div>\n\t\t\t\t<div class=\"elementor-element elementor-element-81d6f17 elementor-widget-divider--view-line elementor-widget elementor-widget-divider\" data-id=\"81d6f17\" data-element_type=\"widget\" data-e-type=\"widget\" data-widget_type=\"divider.default\">\n\t\t\t\t<div class=\"elementor-widget-container\">\n\t\t\t\t\t\t\t<div class=\"elementor-divider\">\n\t\t\t<span class=\"elementor-divider-separator\">\n\t\t\t\t\t\t<\/span>\n\t\t<\/div>\n\t\t\t\t\t\t<\/div>\n\t\t\t\t<\/div>\n\t\t\t\t\t<\/div>\n\t\t\t\t<\/div>\n\t\t\t\t\t<\/div>\n\t\t\t\t<\/div>\n\t\t\t\t\t<\/div>\n\t\t\t\t<\/div>\n\t\t\t\t<\/div>\n\t\t","protected":false},"excerpt":{"rendered":"<p>Meet us Throughout the year, ELISA Aerospace organizes its own events and takes part in trade fairs to give you an insight into its two training courses. Here&#8217;s an overview [&hellip;]<\/p>\n","protected":false},"author":1,"featured_media":0,"parent":0,"menu_order":0,"comment_status":"closed","ping_status":"closed","template":"elementor_header_footer","meta":{"_seopress_robots_primary_cat":"","_seopress_titles_title":"","_seopress_titles_desc":"","_seopress_robots_index":"","_monsterinsights_skip_tracking":false,"_monsterinsights_sitenote_active":false,"_monsterinsights_sitenote_note":"","_monsterinsights_sitenote_category":0,"footnotes":""},"class_list":["post-16209","page","type-page","status-publish","hentry"],"_links":{"self":[{"href":"https:\/\/www.elisa-aerospace.fr\/en\/wp-json\/wp\/v2\/pages\/16209","targetHints":{"allow":["GET"]}}],"collection":[{"href":"https:\/\/www.elisa-aerospace.fr\/en\/wp-json\/wp\/v2\/pages"}],"about":[{"href":"https:\/\/www.elisa-aerospace.fr\/en\/wp-json\/wp\/v2\/types\/page"}],"author":[{"embeddable":true,"href":"https:\/\/www.elisa-aerospace.fr\/en\/wp-json\/wp\/v2\/users\/1"}],"replies":[{"embeddable":true,"href":"https:\/\/www.elisa-aerospace.fr\/en\/wp-json\/wp\/v2\/comments?post=16209"}],"version-history":[{"count":0,"href":"https:\/\/www.elisa-aerospace.fr\/en\/wp-json\/wp\/v2\/pages\/16209\/revisions"}],"wp:attachment":[{"href":"https:\/\/www.elisa-aerospace.fr\/en\/wp-json\/wp\/v2\/media?parent=16209"}],"curies":[{"name":"wp","href":"https:\/\/api.w.org\/{rel}","templated":true}]}}